{"id":988473,"date":"2023-03-23T17:20:59","date_gmt":"2023-03-23T17:20:59","guid":{"rendered":"https:\/\/grupoconcerto.com\/havana-castanos\/"},"modified":"2024-06-28T16:55:56","modified_gmt":"2024-06-28T16:55:56","slug":"havana-castanos","status":"publish","type":"page","link":"https:\/\/grupoconcerto.com\/en\/havana-castanos\/","title":{"rendered":"Havana Casta\u00f1os"},"content":{"rendered":"<div class=\"vgblk-rw-wrapper limit-wrapper\">\n\n\t\t\t\t\t\t\t<img loading=\"lazy\" decoding=\"async\" src=\"https:\/\/grupoconcerto.com\/wp-content\/uploads\/2023\/09\/havana-castanos-scaled.jpg\" alt=\"havana-castan\u0303os\" itemprop=\"image\" height=\"1708\" width=\"2560\" title=\"havana-castan\u0303os\" onerror=\"this.style.display='none'\"  sizes=\"auto, (max-width: 768px) 100vw, 100vw\" srcset=\"https:\/\/grupoconcerto.com\/wp-content\/uploads\/2023\/09\/havana-castanos-scaled.jpg 2560w, https:\/\/grupoconcerto.com\/wp-content\/uploads\/2023\/09\/havana-castanos-300x200.jpg 300w, https:\/\/grupoconcerto.com\/wp-content\/uploads\/2023\/09\/havana-castanos-1024x683.jpg 1024w, https:\/\/grupoconcerto.com\/wp-content\/uploads\/2023\/09\/havana-castanos-768x512.jpg 768w, https:\/\/grupoconcerto.com\/wp-content\/uploads\/2023\/09\/havana-castanos-1536x1025.jpg 1536w, https:\/\/grupoconcerto.com\/wp-content\/uploads\/2023\/09\/havana-castanos-2048x1367.jpg 2048w, https:\/\/grupoconcerto.com\/wp-content\/uploads\/2023\/09\/havana-castanos-1260x841.jpg 1260w, https:\/\/grupoconcerto.com\/wp-content\/uploads\/2023\/09\/havana-castanos-630x420.jpg 630w, https:\/\/grupoconcerto.com\/wp-content\/uploads\/2023\/09\/havana-castanos-420x280.jpg 420w, https:\/\/grupoconcerto.com\/wp-content\/uploads\/2023\/09\/havana-castanos-840x560.jpg 840w, https:\/\/grupoconcerto.com\/wp-content\/uploads\/2023\/09\/havana-castanos-315x210.jpg 315w\" \/>\t\t\t\t\t\t\t\n<h1>\n\tHAVANA CASTA\u00d1OS\n\t<\/h1>\n\t<h4>THE PLACE TO BE<\/h4>\n<p>Havana Casta\u00f1os is the continuation of the mythical Havana Rambla, a project that was born more than 20 years ago.<\/p>\n<p>Located in the famous Casta\u00f1os street, this discotheque with VIP lounge in Alicante Center, is considered the leader of the Alicante nights.<\/p>\n<p>A place made by and for all those who want to be part of the best atmosphere in the city. With the best commercial music of the moment and a surround sound but without forgetting that what makes it really special is the people and the happiness that permeates everything every weekend, with a full house.<\/p>\n<p>Enjoy the famous &#8220;tardeo&#8221; of Casta\u00f1os street, a wild party that starts in the early afternoon and lasts as long as the body can take it.<\/p>\n<p>Havana Casta\u00f1os is a unique place, for its large central bar around which everything happens and the possibility of creating different environments within the same space.<\/p>\n<p>It offers two VIP areas differentiated from the rest of the dance floor with large capacity and prepared to offer an unforgettable experience to our customers.<\/p>\n<p>These VIP rooms in Alicante Center are an exceptional option for those looking for a more exclusive and personalized experience, offering a private space for groups, where you can enjoy the music, a fun atmosphere and a first class VIP service.<\/p>\n<p>If you want to take no risks and enjoy a nightclub with VIP lounge where fun and atmosphere are guaranteed, this is THE PLACE TO BE.<\/p>\n<p>*It has a terrace and VIP Experience.<\/p>\n\t<p><a href=\"https:\/\/www.instagram.com\/havana_castanos\/\"><\/a><\/p>\n\t\t\t\t\t\t\t<img loading=\"lazy\" decoding=\"async\" src=\"https:\/\/grupoconcerto.com\/wp-content\/uploads\/2023\/03\/logo-Havana-Castanos.png\" alt=\"logo Havana Castan\u0303os\" itemprop=\"image\" height=\"674\" width=\"2678\" title=\"logo Havana Castan\u0303os\" onerror=\"this.style.display='none'\"  sizes=\"auto, (max-width: 768px) 100vw, 100vw\" srcset=\"https:\/\/grupoconcerto.com\/wp-content\/uploads\/2023\/03\/logo-Havana-Castanos.png 2678w, https:\/\/grupoconcerto.com\/wp-content\/uploads\/2023\/03\/logo-Havana-Castanos-300x76.png 300w, https:\/\/grupoconcerto.com\/wp-content\/uploads\/2023\/03\/logo-Havana-Castanos-1024x258.png 1024w, https:\/\/grupoconcerto.com\/wp-content\/uploads\/2023\/03\/logo-Havana-Castanos-768x193.png 768w, https:\/\/grupoconcerto.com\/wp-content\/uploads\/2023\/03\/logo-Havana-Castanos-1536x387.png 1536w, https:\/\/grupoconcerto.com\/wp-content\/uploads\/2023\/03\/logo-Havana-Castanos-2048x515.png 2048w, https:\/\/grupoconcerto.com\/wp-content\/uploads\/2023\/03\/logo-Havana-Castanos-1260x317.png 1260w, https:\/\/grupoconcerto.com\/wp-content\/uploads\/2023\/03\/logo-Havana-Castanos-630x159.png 630w, https:\/\/grupoconcerto.com\/wp-content\/uploads\/2023\/03\/logo-Havana-Castanos-420x106.png 420w, https:\/\/grupoconcerto.com\/wp-content\/uploads\/2023\/03\/logo-Havana-Castanos-840x211.png 840w, https:\/\/grupoconcerto.com\/wp-content\/uploads\/2023\/03\/logo-Havana-Castanos-315x79.png 315w\" \/>\t\t\t\t\t\t\t\n\t\t\t\t\t\t\t<img loading=\"lazy\" decoding=\"async\" src=\"https:\/\/grupoconcerto.com\/wp-content\/uploads\/2023\/03\/HAVANA-CASTANOS-pub-alicante.jpg\" alt=\"HAVANA-CASTAN\u0303OS-pub-alicante\" itemprop=\"image\" height=\"467\" width=\"702\" title=\"HAVANA-CASTAN\u0303OS-pub-alicante\" onerror=\"this.style.display='none'\" srcset=\"https:\/\/grupoconcerto.com\/wp-content\/uploads\/2023\/03\/HAVANA-CASTANOS-pub-alicante.jpg 702w, https:\/\/grupoconcerto.com\/wp-content\/uploads\/2023\/03\/HAVANA-CASTANOS-pub-alicante-300x200.jpg 300w, https:\/\/grupoconcerto.com\/wp-content\/uploads\/2023\/03\/HAVANA-CASTANOS-pub-alicante-630x419.jpg 630w, https:\/\/grupoconcerto.com\/wp-content\/uploads\/2023\/03\/HAVANA-CASTANOS-pub-alicante-420x279.jpg 420w, https:\/\/grupoconcerto.com\/wp-content\/uploads\/2023\/03\/HAVANA-CASTANOS-pub-alicante-315x210.jpg 315w\" sizes=\"auto, (max-width: 702px) 100vw, 702px\" \/>\t\t\t\t\t\t\t\n<h6>\n\t\tRoom\n\t<\/h6>\n\t\t\t\t\t\t\t<img loading=\"lazy\" decoding=\"async\" src=\"https:\/\/grupoconcerto.com\/wp-content\/uploads\/2023\/03\/HAVANA-CASTANOS-reservado-VIP-alicante.jpg\" alt=\"HAVANA-CASTAN\u0303OS-reservado-VIP-alicante\" itemprop=\"image\" height=\"467\" width=\"702\" title=\"HAVANA-CASTAN\u0303OS-reservado-VIP-alicante\" onerror=\"this.style.display='none'\" srcset=\"https:\/\/grupoconcerto.com\/wp-content\/uploads\/2023\/03\/HAVANA-CASTANOS-reservado-VIP-alicante.jpg 702w, https:\/\/grupoconcerto.com\/wp-content\/uploads\/2023\/03\/HAVANA-CASTANOS-reservado-VIP-alicante-300x200.jpg 300w, https:\/\/grupoconcerto.com\/wp-content\/uploads\/2023\/03\/HAVANA-CASTANOS-reservado-VIP-alicante-630x419.jpg 630w, https:\/\/grupoconcerto.com\/wp-content\/uploads\/2023\/03\/HAVANA-CASTANOS-reservado-VIP-alicante-420x279.jpg 420w, https:\/\/grupoconcerto.com\/wp-content\/uploads\/2023\/03\/HAVANA-CASTANOS-reservado-VIP-alicante-315x210.jpg 315w\" sizes=\"auto, (max-width: 702px) 100vw, 702px\" \/>\t\t\t\t\t\t\t\n<h6>\n\t\tVIP area\n\t<\/h6>\n\t\t\t\t\t\t\t<img loading=\"lazy\" decoding=\"async\" src=\"https:\/\/grupoconcerto.com\/wp-content\/uploads\/2023\/09\/HAVANA-CASTANOS-experiencia-vip.jpg\" alt=\"HAVANA-CASTANOS-experiencia-vip\" itemprop=\"image\" height=\"467\" width=\"702\" title=\"HAVANA-CASTANOS-experiencia-vip\" onerror=\"this.style.display='none'\" srcset=\"https:\/\/grupoconcerto.com\/wp-content\/uploads\/2023\/09\/HAVANA-CASTANOS-experiencia-vip.jpg 702w, https:\/\/grupoconcerto.com\/wp-content\/uploads\/2023\/09\/HAVANA-CASTANOS-experiencia-vip-300x200.jpg 300w, https:\/\/grupoconcerto.com\/wp-content\/uploads\/2023\/09\/HAVANA-CASTANOS-experiencia-vip-630x419.jpg 630w, https:\/\/grupoconcerto.com\/wp-content\/uploads\/2023\/09\/HAVANA-CASTANOS-experiencia-vip-420x279.jpg 420w, https:\/\/grupoconcerto.com\/wp-content\/uploads\/2023\/09\/HAVANA-CASTANOS-experiencia-vip-315x210.jpg 315w\" sizes=\"auto, (max-width: 702px) 100vw, 702px\" \/>\t\t\t\t\t\t\t\n<h6>\n\t\tVIP Experience\n\t<\/h6>\n\t\t\t\t\t\t\t<img loading=\"lazy\" decoding=\"async\" src=\"https:\/\/grupoconcerto.com\/wp-content\/uploads\/2023\/09\/HAVANA-CASTANOS-equipo-profesional.jpg\" alt=\"HAVANA-CASTANOS-equipo-profesional\" itemprop=\"image\" height=\"467\" width=\"702\" title=\"HAVANA-CASTANOS-equipo-profesional\" onerror=\"this.style.display='none'\" srcset=\"https:\/\/grupoconcerto.com\/wp-content\/uploads\/2023\/09\/HAVANA-CASTANOS-equipo-profesional.jpg 702w, https:\/\/grupoconcerto.com\/wp-content\/uploads\/2023\/09\/HAVANA-CASTANOS-equipo-profesional-300x200.jpg 300w, https:\/\/grupoconcerto.com\/wp-content\/uploads\/2023\/09\/HAVANA-CASTANOS-equipo-profesional-630x419.jpg 630w, https:\/\/grupoconcerto.com\/wp-content\/uploads\/2023\/09\/HAVANA-CASTANOS-equipo-profesional-420x279.jpg 420w, https:\/\/grupoconcerto.com\/wp-content\/uploads\/2023\/09\/HAVANA-CASTANOS-equipo-profesional-315x210.jpg 315w\" sizes=\"auto, (max-width: 702px) 100vw, 702px\" \/>\t\t\t\t\t\t\t\n<h6>\n\t\tProfessional team\n\t<\/h6>\n\t\t\t\t\t\t\t<img loading=\"lazy\" decoding=\"async\" src=\"https:\/\/grupoconcerto.com\/wp-content\/uploads\/2023\/09\/HAVANA-CASTANOS-ambiente-asegurado.jpg\" alt=\"HAVANA-CASTANOS-ambiente-asegurado\" itemprop=\"image\" height=\"467\" width=\"702\" title=\"HAVANA-CASTANOS-ambiente-asegurado\" onerror=\"this.style.display='none'\" srcset=\"https:\/\/grupoconcerto.com\/wp-content\/uploads\/2023\/09\/HAVANA-CASTANOS-ambiente-asegurado.jpg 702w, https:\/\/grupoconcerto.com\/wp-content\/uploads\/2023\/09\/HAVANA-CASTANOS-ambiente-asegurado-300x200.jpg 300w, https:\/\/grupoconcerto.com\/wp-content\/uploads\/2023\/09\/HAVANA-CASTANOS-ambiente-asegurado-630x419.jpg 630w, https:\/\/grupoconcerto.com\/wp-content\/uploads\/2023\/09\/HAVANA-CASTANOS-ambiente-asegurado-420x279.jpg 420w, https:\/\/grupoconcerto.com\/wp-content\/uploads\/2023\/09\/HAVANA-CASTANOS-ambiente-asegurado-315x210.jpg 315w\" sizes=\"auto, (max-width: 702px) 100vw, 702px\" \/>\t\t\t\t\t\t\t\n<h6>\n\t\tSecured environment\n\t<\/h6>\n\t<iframe loading=\"lazy\" src=\"https:\/\/www.google.com\/maps\/embed?pb=!1m18!1m12!1m3!1d4119.70765707186!2d-0.4842419189362368!3d38.34428997363048!2m3!1f0!2f0!3f0!3m2!1i1024!2i768!4f13.1!3m3!1m2!1s0xd6237b250b6e6c3%3A0x6f0f23a5a36b6633!2sHavana%20Casta%C3%B1os!5e0!3m2!1ses!2ses!4v1679591391525!5m2!1ses!2ses\" width=\"100%\" height=\"400\" allowfullscreen=\"allowfullscreen\"><\/iframe>\n\t\t\tWHERE\t\t\n\t\t\tWHEN\t\t\n\t\t\tVIP\t\t\n\t\t\t\t<p>C. Casta\u00f1os, 20,<\/p>\n<p>Alicante<\/p>\n<p>692 737 677<\/p>\n\t\t\t\t<p>Friday and saturday: 16:00 &#8211; 6:30<\/p>\t\t\t\n\t\t\t\t<p>vip@grupoconcerto.com692 737 677<\/p>\t\t\t\n\n<\/div><!-- .vgblk-rw-wrapper -->","protected":false},"excerpt":{"rendered":"<p>HAVANA CASTA\u00d1OS THE PLACE TO BE Havana Casta\u00f1os is the continuation of the mythical Havana Rambla, a project that was born more than 20 years ago. Located in the famous Casta\u00f1os street, this discotheque with VIP lounge in Alicante Center, is considered the leader of the Alicante nights. A place made by and for all&#8230;<\/p>\n","protected":false},"author":1,"featured_media":0,"parent":0,"menu_order":0,"comment_status":"closed","ping_status":"closed","template":"","meta":{"inline_featured_image":false,"_mi_skip_tracking":false,"_monsterinsights_sitenote_active":false,"_monsterinsights_sitenote_note":"","_monsterinsights_sitenote_category":0,"footnotes":""},"class_list":["post-988473","page","type-page","status-publish","hentry"],"yoast_head":"<!-- This site is optimized with the Yoast SEO plugin v21.2 - https:\/\/yoast.com\/wordpress\/plugins\/seo\/ -->\n<title>Discoteca con Sala VIP en Alicante Centro \u2013 Havana Casta\u00f1os<\/title>\n<meta name=\"description\" content=\"Discoteca con sala VIP en Alicante Centro, ubicada en la famosa calle Casta\u00f1os, con la mejor m\u00fasica comercial del momento.\" \/>\n<meta name=\"robots\" content=\"index, follow, max-snippet:-1, max-image-preview:large, max-video-preview:-1\" \/>\n<link rel=\"canonical\" href=\"https:\/\/grupoconcerto.com\/en\/havana-castanos\/\" \/>\n<meta property=\"og:locale\" content=\"en_US\" \/>\n<meta property=\"og:type\" content=\"article\" \/>\n<meta property=\"og:title\" content=\"Discoteca con Sala VIP en Alicante Centro \u2013 Havana Casta\u00f1os\" \/>\n<meta property=\"og:description\" content=\"Discoteca con sala VIP en Alicante Centro, ubicada en la famosa calle Casta\u00f1os, con la mejor m\u00fasica comercial del momento.\" \/>\n<meta property=\"og:url\" content=\"https:\/\/grupoconcerto.com\/en\/havana-castanos\/\" \/>\n<meta property=\"og:site_name\" content=\"Grupo Concerto\" \/>\n<meta property=\"article:modified_time\" content=\"2024-06-28T16:55:56+00:00\" \/>\n<meta property=\"og:image\" content=\"https:\/\/grupoconcerto.com\/wp-content\/uploads\/2023\/09\/havana-castanos-scaled.jpg\" \/>\n<meta name=\"twitter:card\" content=\"summary_large_image\" \/>\n<script type=\"application\/ld+json\" class=\"yoast-schema-graph\">{\"@context\":\"https:\/\/schema.org\",\"@graph\":[{\"@type\":\"WebPage\",\"@id\":\"https:\/\/grupoconcerto.com\/en\/havana-castanos\/\",\"url\":\"https:\/\/grupoconcerto.com\/en\/havana-castanos\/\",\"name\":\"Discoteca con Sala VIP en Alicante Centro \u2013 Havana Casta\u00f1os\",\"isPartOf\":{\"@id\":\"https:\/\/grupoconcerto.com\/#website\"},\"datePublished\":\"2023-03-23T17:20:59+00:00\",\"dateModified\":\"2024-06-28T16:55:56+00:00\",\"description\":\"Discoteca con sala VIP en Alicante Centro, ubicada en la famosa calle Casta\u00f1os, con la mejor m\u00fasica comercial del momento.\",\"breadcrumb\":{\"@id\":\"https:\/\/grupoconcerto.com\/en\/havana-castanos\/#breadcrumb\"},\"inLanguage\":\"en-US\",\"potentialAction\":[{\"@type\":\"ReadAction\",\"target\":[\"https:\/\/grupoconcerto.com\/en\/havana-castanos\/\"]}]},{\"@type\":\"BreadcrumbList\",\"@id\":\"https:\/\/grupoconcerto.com\/en\/havana-castanos\/#breadcrumb\",\"itemListElement\":[{\"@type\":\"ListItem\",\"position\":1,\"name\":\"Home\",\"item\":\"https:\/\/grupoconcerto.com\/en\/home\/\"},{\"@type\":\"ListItem\",\"position\":2,\"name\":\"Havana Casta\u00f1os\"}]},{\"@type\":\"WebSite\",\"@id\":\"https:\/\/grupoconcerto.com\/#website\",\"url\":\"https:\/\/grupoconcerto.com\/\",\"name\":\"Grupo Concerto\",\"description\":\"Revolucionamos la vida nocturna en Alicante con Havana Rambla, Barrio Havana, Havana Casta\u00f1os, Club Concerto, Pelican Club y Pelican Restaurante\",\"publisher\":{\"@id\":\"https:\/\/grupoconcerto.com\/#organization\"},\"potentialAction\":[{\"@type\":\"SearchAction\",\"target\":{\"@type\":\"EntryPoint\",\"urlTemplate\":\"https:\/\/grupoconcerto.com\/?s={search_term_string}\"},\"query-input\":\"required name=search_term_string\"}],\"inLanguage\":\"en-US\"},{\"@type\":\"Organization\",\"@id\":\"https:\/\/grupoconcerto.com\/#organization\",\"name\":\"Grupo Concerto\",\"url\":\"https:\/\/grupoconcerto.com\/\",\"logo\":{\"@type\":\"ImageObject\",\"inLanguage\":\"en-US\",\"@id\":\"https:\/\/grupoconcerto.com\/#\/schema\/logo\/image\/\",\"url\":\"https:\/\/grupoconcerto.com\/wp-content\/uploads\/2023\/03\/cropped-logo-grupo-concerto-negro.png\",\"contentUrl\":\"https:\/\/grupoconcerto.com\/wp-content\/uploads\/2023\/03\/cropped-logo-grupo-concerto-negro.png\",\"width\":464,\"height\":100,\"caption\":\"Grupo Concerto\"},\"image\":{\"@id\":\"https:\/\/grupoconcerto.com\/#\/schema\/logo\/image\/\"}}]}<\/script>\n<!-- \/ Yoast SEO plugin. -->","yoast_head_json":{"title":"Discoteca con Sala VIP en Alicante Centro \u2013 Havana Casta\u00f1os","description":"Discoteca con sala VIP en Alicante Centro, ubicada en la famosa calle Casta\u00f1os, con la mejor m\u00fasica comercial del momento.","robots":{"index":"index","follow":"follow","max-snippet":"max-snippet:-1","max-image-preview":"max-image-preview:large","max-video-preview":"max-video-preview:-1"},"canonical":"https:\/\/grupoconcerto.com\/en\/havana-castanos\/","og_locale":"en_US","og_type":"article","og_title":"Discoteca con Sala VIP en Alicante Centro \u2013 Havana Casta\u00f1os","og_description":"Discoteca con sala VIP en Alicante Centro, ubicada en la famosa calle Casta\u00f1os, con la mejor m\u00fasica comercial del momento.","og_url":"https:\/\/grupoconcerto.com\/en\/havana-castanos\/","og_site_name":"Grupo Concerto","article_modified_time":"2024-06-28T16:55:56+00:00","og_image":[{"url":"https:\/\/grupoconcerto.com\/wp-content\/uploads\/2023\/09\/havana-castanos-scaled.jpg"}],"twitter_card":"summary_large_image","schema":{"@context":"https:\/\/schema.org","@graph":[{"@type":"WebPage","@id":"https:\/\/grupoconcerto.com\/en\/havana-castanos\/","url":"https:\/\/grupoconcerto.com\/en\/havana-castanos\/","name":"Discoteca con Sala VIP en Alicante Centro \u2013 Havana Casta\u00f1os","isPartOf":{"@id":"https:\/\/grupoconcerto.com\/#website"},"datePublished":"2023-03-23T17:20:59+00:00","dateModified":"2024-06-28T16:55:56+00:00","description":"Discoteca con sala VIP en Alicante Centro, ubicada en la famosa calle Casta\u00f1os, con la mejor m\u00fasica comercial del momento.","breadcrumb":{"@id":"https:\/\/grupoconcerto.com\/en\/havana-castanos\/#breadcrumb"},"inLanguage":"en-US","potentialAction":[{"@type":"ReadAction","target":["https:\/\/grupoconcerto.com\/en\/havana-castanos\/"]}]},{"@type":"BreadcrumbList","@id":"https:\/\/grupoconcerto.com\/en\/havana-castanos\/#breadcrumb","itemListElement":[{"@type":"ListItem","position":1,"name":"Home","item":"https:\/\/grupoconcerto.com\/en\/home\/"},{"@type":"ListItem","position":2,"name":"Havana Casta\u00f1os"}]},{"@type":"WebSite","@id":"https:\/\/grupoconcerto.com\/#website","url":"https:\/\/grupoconcerto.com\/","name":"Grupo Concerto","description":"Revolucionamos la vida nocturna en Alicante con Havana Rambla, Barrio Havana, Havana Casta\u00f1os, Club Concerto, Pelican Club y Pelican Restaurante","publisher":{"@id":"https:\/\/grupoconcerto.com\/#organization"},"potentialAction":[{"@type":"SearchAction","target":{"@type":"EntryPoint","urlTemplate":"https:\/\/grupoconcerto.com\/?s={search_term_string}"},"query-input":"required name=search_term_string"}],"inLanguage":"en-US"},{"@type":"Organization","@id":"https:\/\/grupoconcerto.com\/#organization","name":"Grupo Concerto","url":"https:\/\/grupoconcerto.com\/","logo":{"@type":"ImageObject","inLanguage":"en-US","@id":"https:\/\/grupoconcerto.com\/#\/schema\/logo\/image\/","url":"https:\/\/grupoconcerto.com\/wp-content\/uploads\/2023\/03\/cropped-logo-grupo-concerto-negro.png","contentUrl":"https:\/\/grupoconcerto.com\/wp-content\/uploads\/2023\/03\/cropped-logo-grupo-concerto-negro.png","width":464,"height":100,"caption":"Grupo Concerto"},"image":{"@id":"https:\/\/grupoconcerto.com\/#\/schema\/logo\/image\/"}}]}},"_links":{"self":[{"href":"https:\/\/grupoconcerto.com\/en\/wp-json\/wp\/v2\/pages\/988473","targetHints":{"allow":["GET"]}}],"collection":[{"href":"https:\/\/grupoconcerto.com\/en\/wp-json\/wp\/v2\/pages"}],"about":[{"href":"https:\/\/grupoconcerto.com\/en\/wp-json\/wp\/v2\/types\/page"}],"author":[{"embeddable":true,"href":"https:\/\/grupoconcerto.com\/en\/wp-json\/wp\/v2\/users\/1"}],"replies":[{"embeddable":true,"href":"https:\/\/grupoconcerto.com\/en\/wp-json\/wp\/v2\/comments?post=988473"}],"version-history":[{"count":4,"href":"https:\/\/grupoconcerto.com\/en\/wp-json\/wp\/v2\/pages\/988473\/revisions"}],"predecessor-version":[{"id":988511,"href":"https:\/\/grupoconcerto.com\/en\/wp-json\/wp\/v2\/pages\/988473\/revisions\/988511"}],"wp:attachment":[{"href":"https:\/\/grupoconcerto.com\/en\/wp-json\/wp\/v2\/media?parent=988473"}],"curies":[{"name":"wp","href":"https:\/\/api.w.org\/{rel}","templated":true}]}}