{"id":988460,"date":"2023-03-24T08:18:19","date_gmt":"2023-03-24T08:18:19","guid":{"rendered":"https:\/\/grupoconcerto.com\/pelican-restaurant\/"},"modified":"2025-04-01T21:07:22","modified_gmt":"2025-04-01T21:07:22","slug":"pelican-restaurant","status":"publish","type":"page","link":"https:\/\/grupoconcerto.com\/en\/pelican-restaurant\/","title":{"rendered":"Pelican Restaurant"},"content":{"rendered":"<div class=\"vgblk-rw-wrapper limit-wrapper\">\n\n\t\t\t\t\t\t\t<img loading=\"lazy\" decoding=\"async\" src=\"https:\/\/grupoconcerto.com\/wp-content\/uploads\/2023\/09\/pelican-restaurante-1.jpg\" alt=\"pelican-restaurante\" itemprop=\"image\" height=\"1335\" width=\"2000\" title=\"pelican-restaurante\" onerror=\"this.style.display='none'\"  sizes=\"auto, (max-width: 768px) 100vw, 100vw\" srcset=\"https:\/\/grupoconcerto.com\/wp-content\/uploads\/2023\/09\/pelican-restaurante-1.jpg 2000w, https:\/\/grupoconcerto.com\/wp-content\/uploads\/2023\/09\/pelican-restaurante-1-300x200.jpg 300w, https:\/\/grupoconcerto.com\/wp-content\/uploads\/2023\/09\/pelican-restaurante-1-1024x684.jpg 1024w, https:\/\/grupoconcerto.com\/wp-content\/uploads\/2023\/09\/pelican-restaurante-1-768x513.jpg 768w, https:\/\/grupoconcerto.com\/wp-content\/uploads\/2023\/09\/pelican-restaurante-1-1536x1025.jpg 1536w, https:\/\/grupoconcerto.com\/wp-content\/uploads\/2023\/09\/pelican-restaurante-1-1260x841.jpg 1260w, https:\/\/grupoconcerto.com\/wp-content\/uploads\/2023\/09\/pelican-restaurante-1-630x421.jpg 630w, https:\/\/grupoconcerto.com\/wp-content\/uploads\/2023\/09\/pelican-restaurante-1-420x280.jpg 420w, https:\/\/grupoconcerto.com\/wp-content\/uploads\/2023\/09\/pelican-restaurante-1-840x561.jpg 840w, https:\/\/grupoconcerto.com\/wp-content\/uploads\/2023\/09\/pelican-restaurante-1-315x210.jpg 315w\" \/>\t\t\t\t\t\t\t\n<h1>\n\tPELICAN RESTAURANT\n\t<\/h1>\n\t<h4>A JAPANESE JOURNEY AROUND THE WORLD<\/h4>\n<p>Our identity is based on the compilation of flavors from around the world accented with Japanese nuances.<\/p>\n<p>&nbsp;<\/p>\n<p>We are a fusion restaurant in Playa de San Juan, Alicante, which has the most typical dishes of each place with a touch of its own and accompanied by the most exquisite cocktails.<\/p>\n<p>We have the best quality ingredients to guarantee you a sublime experience.<\/p>\n<p>Fun, innovative, visual, spontaneous, professional, exclusive and delicious. This is the menu of Pelican Restaurant, your new restaurant with terrace in Playa de San Juan.<\/p>\n<p>Wide variety of appetizers and delicious desserts. The personality of our gastronomic proposal can be described as a vibrant cocktail of qualities: it is both playful and innovative, a visual symphony that awakens the imagination, an exclusive offer that transcends the conventional and, above all, a delightful experience for the palate.<\/p>\n<p>But we are not only a restaurant with terrace in Playa de San Juan, as the afternoon falls and the night arrives, enjoy our menu of exclusive cocktails while the DJ&#8217;s music takes force and the fun begins. It&#8217;s a show where flavors and rhythms converge in harmony.<\/p>\n<p>Complete the Pelican Experience by visiting our nightclub, where you will experience a fun night that only you decide how it ends.<\/p>\n\t<p><a href=\"https:\/\/www.instagram.com\/pelicanrestaurante\/\"><\/a><a href=\"https:\/\/www.pelicanalicante.com\/\"><\/a><\/p>\n\t\t\t\t\t\t\t<img loading=\"lazy\" decoding=\"async\" src=\"https:\/\/grupoconcerto.com\/wp-content\/uploads\/2023\/03\/Logo-pelican-restaurante.png\" alt=\"Logo pelican restaurante\" itemprop=\"image\" height=\"6690\" width=\"8050\" title=\"Logo pelican restaurante\" onerror=\"this.style.display='none'\"  sizes=\"auto, (max-width: 768px) 100vw, 100vw\" srcset=\"https:\/\/grupoconcerto.com\/wp-content\/uploads\/2023\/03\/Logo-pelican-restaurante.png 8050w, https:\/\/grupoconcerto.com\/wp-content\/uploads\/2023\/03\/Logo-pelican-restaurante-300x249.png 300w, https:\/\/grupoconcerto.com\/wp-content\/uploads\/2023\/03\/Logo-pelican-restaurante-1024x851.png 1024w, https:\/\/grupoconcerto.com\/wp-content\/uploads\/2023\/03\/Logo-pelican-restaurante-768x638.png 768w, https:\/\/grupoconcerto.com\/wp-content\/uploads\/2023\/03\/Logo-pelican-restaurante-1536x1277.png 1536w, https:\/\/grupoconcerto.com\/wp-content\/uploads\/2023\/03\/Logo-pelican-restaurante-2048x1702.png 2048w, https:\/\/grupoconcerto.com\/wp-content\/uploads\/2023\/03\/Logo-pelican-restaurante-1260x1047.png 1260w, https:\/\/grupoconcerto.com\/wp-content\/uploads\/2023\/03\/Logo-pelican-restaurante-630x524.png 630w, https:\/\/grupoconcerto.com\/wp-content\/uploads\/2023\/03\/Logo-pelican-restaurante-420x349.png 420w, https:\/\/grupoconcerto.com\/wp-content\/uploads\/2023\/03\/Logo-pelican-restaurante-840x698.png 840w, https:\/\/grupoconcerto.com\/wp-content\/uploads\/2023\/03\/Logo-pelican-restaurante-315x262.png 315w\" \/>\t\t\t\t\t\t\t\n\t\t\t\t\t\t\t<img loading=\"lazy\" decoding=\"async\" src=\"https:\/\/grupoconcerto.com\/wp-content\/uploads\/2023\/09\/PELICAN-RESTAURANTE-sala.jpg\" alt=\"PELICAN-RESTAURANTE-sala\" itemprop=\"image\" height=\"467\" width=\"702\" title=\"PELICAN-RESTAURANTE-sala\" onerror=\"this.style.display='none'\" srcset=\"https:\/\/grupoconcerto.com\/wp-content\/uploads\/2023\/09\/PELICAN-RESTAURANTE-sala.jpg 702w, https:\/\/grupoconcerto.com\/wp-content\/uploads\/2023\/09\/PELICAN-RESTAURANTE-sala-300x200.jpg 300w, https:\/\/grupoconcerto.com\/wp-content\/uploads\/2023\/09\/PELICAN-RESTAURANTE-sala-630x419.jpg 630w, https:\/\/grupoconcerto.com\/wp-content\/uploads\/2023\/09\/PELICAN-RESTAURANTE-sala-420x279.jpg 420w, https:\/\/grupoconcerto.com\/wp-content\/uploads\/2023\/09\/PELICAN-RESTAURANTE-sala-315x210.jpg 315w\" sizes=\"auto, (max-width: 702px) 100vw, 702px\" \/>\t\t\t\t\t\t\t\n<h6>\n\t\tRoom\n\t<\/h6>\n\t\t\t\t\t\t\t<img loading=\"lazy\" decoding=\"async\" src=\"https:\/\/grupoconcerto.com\/wp-content\/uploads\/2023\/09\/PELICAN-RESTAURANTE-barra.jpg\" alt=\"PELICAN-RESTAURANTE-barra\" itemprop=\"image\" height=\"467\" width=\"702\" title=\"PELICAN-RESTAURANTE-barra\" onerror=\"this.style.display='none'\" srcset=\"https:\/\/grupoconcerto.com\/wp-content\/uploads\/2023\/09\/PELICAN-RESTAURANTE-barra.jpg 702w, https:\/\/grupoconcerto.com\/wp-content\/uploads\/2023\/09\/PELICAN-RESTAURANTE-barra-300x200.jpg 300w, https:\/\/grupoconcerto.com\/wp-content\/uploads\/2023\/09\/PELICAN-RESTAURANTE-barra-630x419.jpg 630w, https:\/\/grupoconcerto.com\/wp-content\/uploads\/2023\/09\/PELICAN-RESTAURANTE-barra-420x279.jpg 420w, https:\/\/grupoconcerto.com\/wp-content\/uploads\/2023\/09\/PELICAN-RESTAURANTE-barra-315x210.jpg 315w\" sizes=\"auto, (max-width: 702px) 100vw, 702px\" \/>\t\t\t\t\t\t\t\n<h6>\n\t\tBar\n\t<\/h6>\n\t\t\t\t\t\t\t<img loading=\"lazy\" decoding=\"async\" src=\"https:\/\/grupoconcerto.com\/wp-content\/uploads\/2023\/09\/PELICAN-RESTAURANTE-alta-conina.jpg\" alt=\"PELICAN-RESTAURANTE-alta-conina\" itemprop=\"image\" height=\"467\" width=\"702\" title=\"PELICAN-RESTAURANTE-alta-conina\" onerror=\"this.style.display='none'\" srcset=\"https:\/\/grupoconcerto.com\/wp-content\/uploads\/2023\/09\/PELICAN-RESTAURANTE-alta-conina.jpg 702w, https:\/\/grupoconcerto.com\/wp-content\/uploads\/2023\/09\/PELICAN-RESTAURANTE-alta-conina-300x200.jpg 300w, https:\/\/grupoconcerto.com\/wp-content\/uploads\/2023\/09\/PELICAN-RESTAURANTE-alta-conina-630x419.jpg 630w, https:\/\/grupoconcerto.com\/wp-content\/uploads\/2023\/09\/PELICAN-RESTAURANTE-alta-conina-420x279.jpg 420w, https:\/\/grupoconcerto.com\/wp-content\/uploads\/2023\/09\/PELICAN-RESTAURANTE-alta-conina-315x210.jpg 315w\" sizes=\"auto, (max-width: 702px) 100vw, 702px\" \/>\t\t\t\t\t\t\t\n<h6>\n\t\tFine cuisine\n\t<\/h6>\n\t\t\t\t\t\t\t<img loading=\"lazy\" decoding=\"async\" src=\"https:\/\/grupoconcerto.com\/wp-content\/uploads\/2023\/09\/PELICAN-RESTAURANTE-coctel.jpg\" alt=\"PELICAN-RESTAURANTE-coctel\" itemprop=\"image\" height=\"467\" width=\"702\" title=\"PELICAN-RESTAURANTE-coctel\" onerror=\"this.style.display='none'\" srcset=\"https:\/\/grupoconcerto.com\/wp-content\/uploads\/2023\/09\/PELICAN-RESTAURANTE-coctel.jpg 702w, https:\/\/grupoconcerto.com\/wp-content\/uploads\/2023\/09\/PELICAN-RESTAURANTE-coctel-300x200.jpg 300w, https:\/\/grupoconcerto.com\/wp-content\/uploads\/2023\/09\/PELICAN-RESTAURANTE-coctel-630x419.jpg 630w, https:\/\/grupoconcerto.com\/wp-content\/uploads\/2023\/09\/PELICAN-RESTAURANTE-coctel-420x279.jpg 420w, https:\/\/grupoconcerto.com\/wp-content\/uploads\/2023\/09\/PELICAN-RESTAURANTE-coctel-315x210.jpg 315w\" sizes=\"auto, (max-width: 702px) 100vw, 702px\" \/>\t\t\t\t\t\t\t\n<h6>\n\t\tSignature cocktails\n\t<\/h6>\n\t\t\t\t\t\t\t<img loading=\"lazy\" decoding=\"async\" src=\"https:\/\/grupoconcerto.com\/wp-content\/uploads\/2023\/09\/PELICAN-RESTAURANTE-equipo-profesional.jpg\" alt=\"PELICAN-RESTAURANTE-equipo-profesional\" itemprop=\"image\" height=\"467\" width=\"702\" title=\"PELICAN-RESTAURANTE-equipo-profesional\" onerror=\"this.style.display='none'\" srcset=\"https:\/\/grupoconcerto.com\/wp-content\/uploads\/2023\/09\/PELICAN-RESTAURANTE-equipo-profesional.jpg 702w, https:\/\/grupoconcerto.com\/wp-content\/uploads\/2023\/09\/PELICAN-RESTAURANTE-equipo-profesional-300x200.jpg 300w, https:\/\/grupoconcerto.com\/wp-content\/uploads\/2023\/09\/PELICAN-RESTAURANTE-equipo-profesional-630x419.jpg 630w, https:\/\/grupoconcerto.com\/wp-content\/uploads\/2023\/09\/PELICAN-RESTAURANTE-equipo-profesional-420x279.jpg 420w, https:\/\/grupoconcerto.com\/wp-content\/uploads\/2023\/09\/PELICAN-RESTAURANTE-equipo-profesional-315x210.jpg 315w\" sizes=\"auto, (max-width: 702px) 100vw, 702px\" \/>\t\t\t\t\t\t\t\n<h6>\n\t\tProfessional team\n\t<\/h6>\n\t<iframe loading=\"lazy\" src=\"https:\/\/www.google.com\/maps\/embed?pb=!1m14!1m8!1m3!1d8223.766693763639!2d-0.4151011462047647!3d38.370354212342!3m2!1i1024!2i768!4f13.1!3m3!1m2!1s0xd6239fac719b241%3A0x335dcf57f63ef03f!2sPelican%20Restaurante!5e0!3m2!1ses!2ses!4v1679645854134!5m2!1ses!2ses\" width=\"100%\" height=\"400\" allowfullscreen=\"allowfullscreen\"><\/iframe>\n\t\t\tWHERE\t\t\n\t\t\tWHEN\t\t\n\t\t\t\t<p>Avinguda de la Costa Blanca, 148 &#8211; Playa San Juan<\/p>\n<p>Plaza Gabriel Mir\u00f3 3 &#8211; Centro Alicante<\/p>\n<p>659 096 549<\/p>\n\t\t\t\tWednesday: 20:00 &#8211; 00:00<br \/>\nThursday: 20:00 &#8211; 00:00<br \/>\nFriday: 13:00 &#8211; 16:00 \/ 20:00 &#8211; 00:00<br \/>\nSaturday: 13:00 &#8211; 16:00 \/ 20:00 &#8211; 00:00<br \/>\nSunday: 13:00 &#8211; 16:00\n\n<\/div><!-- .vgblk-rw-wrapper -->","protected":false},"excerpt":{"rendered":"<p>PELICAN RESTAURANT A JAPANESE JOURNEY AROUND THE WORLD Our identity is based on the compilation of flavors from around the world accented with Japanese nuances. &nbsp; We are a fusion restaurant in Playa de San Juan, Alicante, which has the most typical dishes of each place with a touch of its own and accompanied by&#8230;<\/p>\n","protected":false},"author":1,"featured_media":0,"parent":0,"menu_order":0,"comment_status":"closed","ping_status":"closed","template":"","meta":{"inline_featured_image":false,"_mi_skip_tracking":false,"_monsterinsights_sitenote_active":false,"_monsterinsights_sitenote_note":"","_monsterinsights_sitenote_category":0,"footnotes":""},"class_list":["post-988460","page","type-page","status-publish","hentry"],"yoast_head":"<!-- This site is optimized with the Yoast SEO plugin v21.2 - https:\/\/yoast.com\/wordpress\/plugins\/seo\/ -->\n<title>Restaurante Fusi\u00f3n con Terraza en Playa de San Juan, Alicante \u2013 Pelican Restaurante<\/title>\n<meta name=\"description\" content=\"Pelican, restaurante fusi\u00f3n con terraza en Playa de San Juan, Alicante. Prueba los platos m\u00e1s t\u00edpicos de cada lugar matizados con un toque propio y acompa\u00f1ados por los c\u00f3cteles m\u00e1s exquisitos.\" \/>\n<meta name=\"robots\" content=\"index, follow, max-snippet:-1, max-image-preview:large, max-video-preview:-1\" \/>\n<link rel=\"canonical\" href=\"https:\/\/grupoconcerto.com\/en\/pelican-restaurant\/\" \/>\n<meta property=\"og:locale\" content=\"en_US\" \/>\n<meta property=\"og:type\" content=\"article\" \/>\n<meta property=\"og:title\" content=\"Restaurante Fusi\u00f3n con Terraza en Playa de San Juan, Alicante \u2013 Pelican Restaurante\" \/>\n<meta property=\"og:description\" content=\"Pelican, restaurante fusi\u00f3n con terraza en Playa de San Juan, Alicante. Prueba los platos m\u00e1s t\u00edpicos de cada lugar matizados con un toque propio y acompa\u00f1ados por los c\u00f3cteles m\u00e1s exquisitos.\" \/>\n<meta property=\"og:url\" content=\"https:\/\/grupoconcerto.com\/en\/pelican-restaurant\/\" \/>\n<meta property=\"og:site_name\" content=\"Grupo Concerto\" \/>\n<meta property=\"article:modified_time\" content=\"2025-04-01T21:07:22+00:00\" \/>\n<meta property=\"og:image\" content=\"https:\/\/grupoconcerto.com\/wp-content\/uploads\/2023\/09\/pelican-restaurante-1.jpg\" \/>\n<meta name=\"twitter:card\" content=\"summary_large_image\" \/>\n<meta name=\"twitter:label1\" content=\"Est. reading time\" \/>\n\t<meta name=\"twitter:data1\" content=\"3 minutes\" \/>\n<script type=\"application\/ld+json\" class=\"yoast-schema-graph\">{\"@context\":\"https:\/\/schema.org\",\"@graph\":[{\"@type\":\"WebPage\",\"@id\":\"https:\/\/grupoconcerto.com\/en\/pelican-restaurant\/\",\"url\":\"https:\/\/grupoconcerto.com\/en\/pelican-restaurant\/\",\"name\":\"Restaurante Fusi\u00f3n con Terraza en Playa de San Juan, Alicante \u2013 Pelican Restaurante\",\"isPartOf\":{\"@id\":\"https:\/\/grupoconcerto.com\/#website\"},\"datePublished\":\"2023-03-24T08:18:19+00:00\",\"dateModified\":\"2025-04-01T21:07:22+00:00\",\"description\":\"Pelican, restaurante fusi\u00f3n con terraza en Playa de San Juan, Alicante. Prueba los platos m\u00e1s t\u00edpicos de cada lugar matizados con un toque propio y acompa\u00f1ados por los c\u00f3cteles m\u00e1s exquisitos.\",\"breadcrumb\":{\"@id\":\"https:\/\/grupoconcerto.com\/en\/pelican-restaurant\/#breadcrumb\"},\"inLanguage\":\"en-US\",\"potentialAction\":[{\"@type\":\"ReadAction\",\"target\":[\"https:\/\/grupoconcerto.com\/en\/pelican-restaurant\/\"]}]},{\"@type\":\"BreadcrumbList\",\"@id\":\"https:\/\/grupoconcerto.com\/en\/pelican-restaurant\/#breadcrumb\",\"itemListElement\":[{\"@type\":\"ListItem\",\"position\":1,\"name\":\"Home\",\"item\":\"https:\/\/grupoconcerto.com\/en\/home\/\"},{\"@type\":\"ListItem\",\"position\":2,\"name\":\"Pelican Restaurant\"}]},{\"@type\":\"WebSite\",\"@id\":\"https:\/\/grupoconcerto.com\/#website\",\"url\":\"https:\/\/grupoconcerto.com\/\",\"name\":\"Grupo Concerto\",\"description\":\"Revolucionamos la vida nocturna en Alicante con Havana Rambla, Barrio Havana, Havana Casta\u00f1os, Club Concerto, Pelican Club y Pelican Restaurante\",\"publisher\":{\"@id\":\"https:\/\/grupoconcerto.com\/#organization\"},\"potentialAction\":[{\"@type\":\"SearchAction\",\"target\":{\"@type\":\"EntryPoint\",\"urlTemplate\":\"https:\/\/grupoconcerto.com\/?s={search_term_string}\"},\"query-input\":\"required name=search_term_string\"}],\"inLanguage\":\"en-US\"},{\"@type\":\"Organization\",\"@id\":\"https:\/\/grupoconcerto.com\/#organization\",\"name\":\"Grupo Concerto\",\"url\":\"https:\/\/grupoconcerto.com\/\",\"logo\":{\"@type\":\"ImageObject\",\"inLanguage\":\"en-US\",\"@id\":\"https:\/\/grupoconcerto.com\/#\/schema\/logo\/image\/\",\"url\":\"https:\/\/grupoconcerto.com\/wp-content\/uploads\/2023\/03\/cropped-logo-grupo-concerto-negro.png\",\"contentUrl\":\"https:\/\/grupoconcerto.com\/wp-content\/uploads\/2023\/03\/cropped-logo-grupo-concerto-negro.png\",\"width\":464,\"height\":100,\"caption\":\"Grupo Concerto\"},\"image\":{\"@id\":\"https:\/\/grupoconcerto.com\/#\/schema\/logo\/image\/\"}}]}<\/script>\n<!-- \/ Yoast SEO plugin. -->","yoast_head_json":{"title":"Restaurante Fusi\u00f3n con Terraza en Playa de San Juan, Alicante \u2013 Pelican Restaurante","description":"Pelican, restaurante fusi\u00f3n con terraza en Playa de San Juan, Alicante. Prueba los platos m\u00e1s t\u00edpicos de cada lugar matizados con un toque propio y acompa\u00f1ados por los c\u00f3cteles m\u00e1s exquisitos.","robots":{"index":"index","follow":"follow","max-snippet":"max-snippet:-1","max-image-preview":"max-image-preview:large","max-video-preview":"max-video-preview:-1"},"canonical":"https:\/\/grupoconcerto.com\/en\/pelican-restaurant\/","og_locale":"en_US","og_type":"article","og_title":"Restaurante Fusi\u00f3n con Terraza en Playa de San Juan, Alicante \u2013 Pelican Restaurante","og_description":"Pelican, restaurante fusi\u00f3n con terraza en Playa de San Juan, Alicante. Prueba los platos m\u00e1s t\u00edpicos de cada lugar matizados con un toque propio y acompa\u00f1ados por los c\u00f3cteles m\u00e1s exquisitos.","og_url":"https:\/\/grupoconcerto.com\/en\/pelican-restaurant\/","og_site_name":"Grupo Concerto","article_modified_time":"2025-04-01T21:07:22+00:00","og_image":[{"url":"https:\/\/grupoconcerto.com\/wp-content\/uploads\/2023\/09\/pelican-restaurante-1.jpg"}],"twitter_card":"summary_large_image","twitter_misc":{"Est. reading time":"3 minutes"},"schema":{"@context":"https:\/\/schema.org","@graph":[{"@type":"WebPage","@id":"https:\/\/grupoconcerto.com\/en\/pelican-restaurant\/","url":"https:\/\/grupoconcerto.com\/en\/pelican-restaurant\/","name":"Restaurante Fusi\u00f3n con Terraza en Playa de San Juan, Alicante \u2013 Pelican Restaurante","isPartOf":{"@id":"https:\/\/grupoconcerto.com\/#website"},"datePublished":"2023-03-24T08:18:19+00:00","dateModified":"2025-04-01T21:07:22+00:00","description":"Pelican, restaurante fusi\u00f3n con terraza en Playa de San Juan, Alicante. Prueba los platos m\u00e1s t\u00edpicos de cada lugar matizados con un toque propio y acompa\u00f1ados por los c\u00f3cteles m\u00e1s exquisitos.","breadcrumb":{"@id":"https:\/\/grupoconcerto.com\/en\/pelican-restaurant\/#breadcrumb"},"inLanguage":"en-US","potentialAction":[{"@type":"ReadAction","target":["https:\/\/grupoconcerto.com\/en\/pelican-restaurant\/"]}]},{"@type":"BreadcrumbList","@id":"https:\/\/grupoconcerto.com\/en\/pelican-restaurant\/#breadcrumb","itemListElement":[{"@type":"ListItem","position":1,"name":"Home","item":"https:\/\/grupoconcerto.com\/en\/home\/"},{"@type":"ListItem","position":2,"name":"Pelican Restaurant"}]},{"@type":"WebSite","@id":"https:\/\/grupoconcerto.com\/#website","url":"https:\/\/grupoconcerto.com\/","name":"Grupo Concerto","description":"Revolucionamos la vida nocturna en Alicante con Havana Rambla, Barrio Havana, Havana Casta\u00f1os, Club Concerto, Pelican Club y Pelican Restaurante","publisher":{"@id":"https:\/\/grupoconcerto.com\/#organization"},"potentialAction":[{"@type":"SearchAction","target":{"@type":"EntryPoint","urlTemplate":"https:\/\/grupoconcerto.com\/?s={search_term_string}"},"query-input":"required name=search_term_string"}],"inLanguage":"en-US"},{"@type":"Organization","@id":"https:\/\/grupoconcerto.com\/#organization","name":"Grupo Concerto","url":"https:\/\/grupoconcerto.com\/","logo":{"@type":"ImageObject","inLanguage":"en-US","@id":"https:\/\/grupoconcerto.com\/#\/schema\/logo\/image\/","url":"https:\/\/grupoconcerto.com\/wp-content\/uploads\/2023\/03\/cropped-logo-grupo-concerto-negro.png","contentUrl":"https:\/\/grupoconcerto.com\/wp-content\/uploads\/2023\/03\/cropped-logo-grupo-concerto-negro.png","width":464,"height":100,"caption":"Grupo Concerto"},"image":{"@id":"https:\/\/grupoconcerto.com\/#\/schema\/logo\/image\/"}}]}},"_links":{"self":[{"href":"https:\/\/grupoconcerto.com\/en\/wp-json\/wp\/v2\/pages\/988460","targetHints":{"allow":["GET"]}}],"collection":[{"href":"https:\/\/grupoconcerto.com\/en\/wp-json\/wp\/v2\/pages"}],"about":[{"href":"https:\/\/grupoconcerto.com\/en\/wp-json\/wp\/v2\/types\/page"}],"author":[{"embeddable":true,"href":"https:\/\/grupoconcerto.com\/en\/wp-json\/wp\/v2\/users\/1"}],"replies":[{"embeddable":true,"href":"https:\/\/grupoconcerto.com\/en\/wp-json\/wp\/v2\/comments?post=988460"}],"version-history":[{"count":12,"href":"https:\/\/grupoconcerto.com\/en\/wp-json\/wp\/v2\/pages\/988460\/revisions"}],"predecessor-version":[{"id":988537,"href":"https:\/\/grupoconcerto.com\/en\/wp-json\/wp\/v2\/pages\/988460\/revisions\/988537"}],"wp:attachment":[{"href":"https:\/\/grupoconcerto.com\/en\/wp-json\/wp\/v2\/media?parent=988460"}],"curies":[{"name":"wp","href":"https:\/\/api.w.org\/{rel}","templated":true}]}}